{"id":429,"date":"2024-08-16T16:44:43","date_gmt":"2024-08-16T16:44:43","guid":{"rendered":"https:\/\/ziggifilms.com\/?page_id=429"},"modified":"2025-09-15T19:05:21","modified_gmt":"2025-09-15T19:05:21","slug":"leandro_vfx_comp","status":"publish","type":"page","link":"https:\/\/ziggifilms.com\/es\/leandro_vfx_comp\/","title":{"rendered":"Leandro_VFXCompositing"},"content":{"rendered":"<h2 class=\"wp-block-heading has-52-font-size\" id=\"compositor-image\">Compositor Image<\/h2>\n\n\n<p class=\"wp-block-paragraph is-style-default\" style=\"margin:0\">Experienced and passionate<strong> Compositing Artist<\/strong> with a strong background in film industry<\/p>\n\n\n<h4 class=\"wp-block-heading has-text-align-right is-style-heading has-20-font-size\" style=\"margin:var(--wp--preset--spacing--xs) 0\" id=\"leandro-crespo\">Leandro Crespo<\/h4>\n\n\n<p class=\"wp-block-paragraph alignleft has-text-align-left is-style-heading has-22-font-size alignleft\" style=\"padding:var(--wp--preset--spacing--xs) 0;margin:0\">With over five years of experience in<strong> post-production<\/strong>, my background as a <strong>Cinematographer<\/strong> gives me a unique advantage in <strong>digital compositing<\/strong>&mdash;a trained eye for detail, light, and seamlessly integrating VFX into live-action footage. Now, my full focus is on digital compositing, where technique meets creativity to craft visually stunning narratives.<\/p>\n\n\n<p style=\"padding:0;margin:0\" class=\"wp-block-paragraph\">Busco sumarme a un equipo que valore la excelencia visual, la colaboraci\u00f3n y la pasi\u00f3n por crear tanto im\u00e1genes como desarrollar tools de composici\u00f3n.<\/p>\n\n\n\n<hr class=\"wp-block-separator has-alpha-channel-opacity\"\/>\n\n\n<h1 class=\"wp-block-heading is-style-heading\" id=\"demoreel\">Demoreel<\/h1>\n\n\n\n<figure class=\"wp-block-embed aligncenter is-type-video is-provider-vimeo wp-block-embed-vimeo wp-embed-aspect-16-9 wp-has-aspect-ratio\" style=\"border-style:none;border-width:0px;margin-top:0;margin-right:0;margin-bottom:0;margin-left:0\"><div class=\"wp-block-embed__wrapper\">\n<iframe loading=\"lazy\" title=\"Compositing Image Demo reel 2025\" src=\"https:\/\/player.vimeo.com\/video\/1071511522?dnt=1&amp;app_id=122963\" width=\"500\" height=\"281\" frameborder=\"0\" allow=\"autoplay; fullscreen; picture-in-picture; clipboard-write; encrypted-media; web-share\" referrerpolicy=\"strict-origin-when-cross-origin\"><\/iframe>\n<\/div><\/figure>\n\n\n<p class=\"wp-block-paragraph is-style-heading has-18-font-size\" style=\"margin:0\">CV<\/p>\n\n\n\n<div class=\"wp-block-file\" style=\"margin-top:0;margin-bottom:0;padding-top:0;padding-bottom:0\"><a id=\"wp-block-file--media-c797d9bc-ff82-44e5-b2a6-b37cdfcd6836\" href=\"https:\/\/ziggifilms.com\/wp-content\/uploads\/2025\/04\/CV_Compositing_LeandroC_250402.pdf\" target=\"_blank\" rel=\"noreferrer noopener\">CV_Compositing_LeandroC_250402<\/a><a href=\"https:\/\/ziggifilms.com\/wp-content\/uploads\/2025\/04\/CV_Compositing_LeandroC_250402.pdf\" class=\"wp-block-file__button wp-element-button\" download aria-describedby=\"wp-block-file--media-c797d9bc-ff82-44e5-b2a6-b37cdfcd6836\">Download<\/a><\/div>","protected":false},"excerpt":{"rendered":"<p>Compositor Image Experienced and passionate Compositing Artist with a strong background in film industry Leandro Crespo With over five years of experience in post-production, my background as a Cinematographer gives me a unique advantage in digital compositing&mdash;a trained eye for detail, light, and seamlessly integrating VFX into live-action footage. Now, my full focus is on &hellip;<\/p>","protected":false},"author":1,"featured_media":0,"parent":0,"menu_order":0,"comment_status":"closed","ping_status":"closed","template":"","meta":{"footnotes":""},"_links":{"self":[{"href":"https:\/\/ziggifilms.com\/es\/wp-json\/wp\/v2\/pages\/429"}],"collection":[{"href":"https:\/\/ziggifilms.com\/es\/wp-json\/wp\/v2\/pages"}],"about":[{"href":"https:\/\/ziggifilms.com\/es\/wp-json\/wp\/v2\/types\/page"}],"author":[{"embeddable":true,"href":"https:\/\/ziggifilms.com\/es\/wp-json\/wp\/v2\/users\/1"}],"replies":[{"embeddable":true,"href":"https:\/\/ziggifilms.com\/es\/wp-json\/wp\/v2\/comments?post=429"}],"version-history":[{"count":23,"href":"https:\/\/ziggifilms.com\/es\/wp-json\/wp\/v2\/pages\/429\/revisions"}],"predecessor-version":[{"id":915,"href":"https:\/\/ziggifilms.com\/es\/wp-json\/wp\/v2\/pages\/429\/revisions\/915"}],"wp:attachment":[{"href":"https:\/\/ziggifilms.com\/es\/wp-json\/wp\/v2\/media?parent=429"}],"curies":[{"name":"wp","href":"https:\/\/api.w.org\/{rel}","templated":true}]}}