{"id":675,"date":"2025-04-16T16:16:14","date_gmt":"2025-04-16T16:16:14","guid":{"rendered":"https:\/\/ziggifilms.com\/?page_id=675"},"modified":"2025-04-16T17:23:27","modified_gmt":"2025-04-16T17:23:27","slug":"studio","status":"publish","type":"page","link":"https:\/\/ziggifilms.com\/es\/studio\/","title":{"rendered":"Studio"},"content":{"rendered":"<!DOCTYPE html>\n<div class=\"wp-block-group alignfull is-layout-constrained wp-container-core-group-is-layout-1 wp-block-group-is-layout-constrained\" style=\"border-style:none;border-width:0px;min-height:0%;margin:0;padding:0\">\n\n\n  <head>\n\n    <meta charset=\"UTF-8\">\n    <meta name=\"viewport\" content=\"width=device-width, initial-scale=1.0\">\n\n    <title>Post Production Services and Resources<\/title>\n\n    <script src=\"https:\/\/cdn.tailwindcss.com\"><\/script>\n    <script>\n      tailwind.config = {\n        theme: {\n          extend: {},\n        },\n      }\n    <\/script>\n  \n  <\/head>\n<body>\n    <div class=\"min-h-screen bg-black text-white\">\n      <!-- Hero Section -->\n      <div class=\"relative h-screen flex items-center justify-center overflow-hidden\">\n        <video class=\"absolute w-full h-full object-cover opacity-50\" autoplay muted loop playsinline>\n          <source src=\"https:\/\/cdn.coverr.co\/videos\/coverr-color-grading-footage-2766\/preview\/coverr-color-grading-footage-2766-1080p.mp4\" type=\"video\/mp4\"><\/source>\n        <\/video>\n        <div class=\"relative z-10 container mx-auto px-6 text-center\">\n          <h1 class=\"text-7xl font-light mb-6\">Post-Producci&oacute;n<\/h1>\n          <p class=\"text-xl text-neutral-300 max-w-2xl mx-auto font-light\">\n            Elevamos la narrativa visual a trav&eacute;s de la excelencia t&eacute;cnica y la creatividad\n          <\/p>\n        <\/div>\n        <div class=\"absolute bottom-12 left-1\/2 -translate-x-1\/2 animate-bounce\">\n          <svg xmlns=\"http:\/\/www.w3.org\/2000\/svg\" width=\"32\" height=\"32\" viewbox=\"0 0 24 24\" fill=\"none\" stroke=\"currentColor\" stroke-width=\"2\" stroke-linecap=\"round\" stroke-linejoin=\"round\" class=\"rotate-90\">\n            <path d=\"M5 12h14\"><\/path>\n            <path d=\"m12 5 7 7-7 7\"><\/path>\n          <\/svg>\n        <\/div>\n      <\/div>\n\n      <!-- Services Section -->\n      <section class=\"py-24 container mx-auto px-6\">\n        <div class=\"max-w-4xl mx-auto\">\n          <h2 class=\"text-4xl font-light mb-16\">Servicios<\/h2>\n          <div class=\"space-y-0\">\n            <!-- Service Card 1 -->\n            <div class=\"group border-t border-neutral-800 py-12 hover:bg-neutral-900\/50 transition-colors\">\n              <div class=\"max-w-xl\">\n                <svg xmlns=\"http:\/\/www.w3.org\/2000\/svg\" width=\"40\" height=\"40\" viewbox=\"0 0 24 24\" fill=\"none\" stroke=\"currentColor\" stroke-width=\"2\" stroke-linecap=\"round\" stroke-linejoin=\"round\" class=\"text-neutral-400 mb-6 group-hover:text-white transition-colors\">\n                  <rect width=\"20\" height=\"20\" x=\"2\" y=\"2\" rx=\"2.18\" ry=\"2.18\"><\/rect>\n                  <path d=\"M7 2v20\"><\/path>\n                  <path d=\"M17 2v20\"><\/path>\n                  <path d=\"M2 12h20\"><\/path>\n                  <path d=\"M2 7h5\"><\/path>\n                  <path d=\"M2 17h5\"><\/path>\n                  <path d=\"M17 17h5\"><\/path>\n                  <path d=\"M17 7h5\"><\/path>\n                <\/svg>\n                <h3 class=\"text-2xl font-light text-white mb-4\">Edici&oacute;n &amp; Montaje<\/h3>\n                <p class=\"text-neutral-400 leading-relaxed\">Transformamos el material bruto en narrativas cautivadoras, prestando atenci&oacute;n meticulosa al ritmo, la continuidad y el impacto emocional de cada corte.<\/p>\n              <\/div>\n            <\/div>\n\n            <!-- Service Card 2 -->\n            <div class=\"group border-t border-neutral-800 py-12 hover:bg-neutral-900\/50 transition-colors\">\n              <div class=\"max-w-xl\">\n                <svg xmlns=\"http:\/\/www.w3.org\/2000\/svg\" width=\"40\" height=\"40\" viewbox=\"0 0 24 24\" fill=\"none\" stroke=\"currentColor\" stroke-width=\"2\" stroke-linecap=\"round\" stroke-linejoin=\"round\" class=\"text-neutral-400 mb-6 group-hover:text-white transition-colors\">\n                  <path d=\"M15 4V2\"><\/path>\n                  <path d=\"M15 16v-2\"><\/path>\n                  <path d=\"M8 9h2\"><\/path>\n                  <path d=\"M20 9h2\"><\/path>\n                  <path d=\"M17.7 7.7a2.5 2.5 0 1 1 0-3.54\"><\/path>\n                  <path d=\"M12 15H7a5 5 0 1 1 4.9-6H13\"><\/path>\n                <\/svg>\n                <h3 class=\"text-2xl font-light text-white mb-4\">Correcci&oacute;n de Color<\/h3>\n                <p class=\"text-neutral-400 leading-relaxed\">Desarrollamos looks &uacute;nicos y atmosf&eacute;ricos que refuerzan la narrativa visual, utilizando t&eacute;cnicas avanzadas de gradaci&oacute;n y correcci&oacute;n de color.<\/p>\n              <\/div>\n            <\/div>\n\n<!-- Service Card 3 -->\n            <div class=\"group border-t border-neutral-800 py-12 hover:bg-neutral-900\/50 transition-colors\">\n              <div class=\"max-w-xl\">\n                <svg xmlns=\"http:\/\/www.w3.org\/2000\/svg\" width=\"40\" height=\"40\" viewbox=\"0 0 24 24\" fill=\"none\" stroke=\"currentColor\" stroke-width=\"2\" stroke-linecap=\"round\" stroke-linejoin=\"round\" class=\"text-neutral-400 mb-6 group-hover:text-white transition-colors\">\n                  <path d=\"M15 4V2\"><\/path>\n                  <path d=\"M15 16v-2\"><\/path>\n                  <path d=\"M8 9h2\"><\/path>\n                  <path d=\"M20 9h2\"><\/path>\n                  <path d=\"M17.7 7.7a2.5 2.5 0 1 1 0-3.54\"><\/path>\n                  <path d=\"M12 15H7a5 5 0 1 1 4.9-6H13\"><\/path>\n                <\/svg>\n                <h3 class=\"text-2xl font-light text-white mb-4\">VFX<\/h3>\n                <p class=\"text-neutral-400 leading-relaxed\">Desarrollamos Efectos Especiales que refuerzan la narrativa visual, utilizando t&eacute;cnicas avanzadas de composici&oacute;n digital.<\/p>\n              <\/div>\n            <\/div>\n\n            <!-- Service Card 4 -->\n            <div class=\"group border-t border-neutral-800 py-12 hover:bg-neutral-900\/50 transition-colors\">\n              <div class=\"max-w-xl\">\n                <svg xmlns=\"http:\/\/www.w3.org\/2000\/svg\" width=\"40\" height=\"40\" viewbox=\"0 0 24 24\" fill=\"none\" stroke=\"currentColor\" stroke-width=\"2\" stroke-linecap=\"round\" stroke-linejoin=\"round\" class=\"text-neutral-400 mb-6 group-hover:text-white transition-colors\">\n                  <path d=\"M3 14h3a2 2 0 0 1 2 2v3a2 2 0 0 1-2 2H5a2 2 0 0 1-2-2v-7a9 9 0 0 1 18 0v7a2 2 0 0 1-2 2h-1a2 2 0 0 1-2-2v-3a2 2 0 0 1 2-2h3\"><\/path>\n                <\/svg>\n                <h3 class=\"text-2xl font-light text-white mb-4\">Dise&ntilde;o Sonoro<\/h3>\n                <p class=\"text-neutral-400 leading-relaxed\">Creamos paisajes sonoros inmersivos que complementan la narrativa visual, desde la mezcla b&aacute;sica hasta la post-producci&oacute;n de audio avanzada.<\/p>\n              <\/div>\n            <\/div>\n          <\/div>\n        <\/div>\n      <\/section>\n\n      <!-- Resources Section -->\n      <section class=\"py-24 bg-neutral-950\">\n        <div class=\"container mx-auto px-6\">\n          <div class=\"max-w-4xl mx-auto\">\n            <h2 class=\"text-4xl font-light mb-6\">Recursos<\/h2>\n            <p class=\"text-neutral-400 mb-16 text-lg\">\n              Herramientas profesionales para optimizar tu flujo de trabajo\n            <\/p>\n            \n            <div class=\"grid md:grid-cols-2 gap-6\">\n              <!-- Resource Card 1 - LUTS -->\n              <a href=\"#\" class=\"group block border border-neutral-800 rounded-lg p-8 hover:bg-neutral-900\/50 transition-all\">\n                <svg xmlns=\"http:\/\/www.w3.org\/2000\/svg\" width=\"32\" height=\"32\" viewbox=\"0 0 24 24\" fill=\"none\" stroke=\"currentColor\" stroke-width=\"2\" stroke-linecap=\"round\" stroke-linejoin=\"round\" class=\"text-neutral-400 mb-4 group-hover:text-white transition-colors\">\n                  <path d=\"M21 8a2 2 0 0 0-1-1.73l-7-4a2 2 0 0 0-2 0l-7 4A2 2 0 0 0 3 8v8a2 2 0 0 0 1 1.73l7 4a2 2 0 0 0 2 0l7-4A2 2 0 0 0 21 16Z\"><\/path>\n                  <path d=\"m3.3 7 8.7 5 8.7-5\"><\/path>\n                  <path d=\"M12 22V12\"><\/path>\n                <\/svg>\n                <h3 class=\"text-xl font-light text-white mb-3\">Crea tus LUTs Cinematogr&aacute;ficos<\/h3>\n                <p class=\"text-sm text-neutral-400 mb-6\">Una colecci&oacute;n curada de LUTs inspirados en pel&iacute;culas contempor&aacute;neas para dar a tus proyectos un acabado profesional.<\/p>\n                <div class=\"inline-flex items-center text-white text-sm\">\n                  Descargar \n                  <svg xmlns=\"http:\/\/www.w3.org\/2000\/svg\" width=\"16\" height=\"16\" viewbox=\"0 0 24 24\" fill=\"none\" stroke=\"currentColor\" stroke-width=\"2\" stroke-linecap=\"round\" stroke-linejoin=\"round\" class=\"ml-2 group-hover:translate-x-1 transition-transform\">\n                    <path d=\"M5 12h14\"><\/path>\n                    <path d=\"m12 5 7 7-7 7\"><\/path>\n                  <\/svg>\n                <\/div>\n              <\/a>\n\n              <!-- Resource Card 2 Templates-->\n              <a href=\"#\" class=\"group block border border-neutral-800 rounded-lg p-8 hover:bg-neutral-900\/50 transition-all\">\n                <svg xmlns=\"http:\/\/www.w3.org\/2000\/svg\" width=\"32\" height=\"32\" viewbox=\"0 0 24 24\" fill=\"none\" stroke=\"currentColor\" stroke-width=\"2\" stroke-linecap=\"round\" stroke-linejoin=\"round\" class=\"text-neutral-400 mb-4 group-hover:text-white transition-colors\">\n                  <path d=\"M14.5 2H6a2 2 0 0 0-2 2v16a2 2 0 0 0 2 2h12a2 2 0 0 0 2-2V7.5L14.5 2z\"><\/path>\n                  <polyline points=\"14 2 14 8 20 8\"><\/polyline>\n                  <path d=\"m10 11 5 3-5 3v-6Z\"><\/path>\n                <\/svg>\n                <h3 class=\"text-xl font-light text-white mb-3\">Plantillas de Proyecto<\/h3>\n                <p class=\"text-sm text-neutral-400 mb-6\">Templates optimizados para DaVinci Resolve y Premiere Pro con flujos de trabajo profesionales preconfigurados.<\/p>\n                <div class=\"inline-flex items-center text-white text-sm\">\n                  Descargar \n                  <svg xmlns=\"http:\/\/www.w3.org\/2000\/svg\" width=\"16\" height=\"16\" viewbox=\"0 0 24 24\" fill=\"none\" stroke=\"currentColor\" stroke-width=\"2\" stroke-linecap=\"round\" stroke-linejoin=\"round\" class=\"ml-2 group-hover:translate-x-1 transition-transform\">\n                    <path d=\"M5 12h14\"><\/path>\n                    <path d=\"m12 5 7 7-7 7\"><\/path>\n                  <\/svg>\n                <\/div>\n              <\/a>\n\n              <!-- Resource Card 3 Audio -->\n              <a href=\"#\" class=\"group block border border-neutral-800 rounded-lg p-8 hover:bg-neutral-900\/50 transition-all\">\n                <svg xmlns=\"http:\/\/www.w3.org\/2000\/svg\" width=\"32\" height=\"32\" viewbox=\"0 0 24 24\" fill=\"none\" stroke=\"currentColor\" stroke-width=\"2\" stroke-linecap=\"round\" stroke-linejoin=\"round\" class=\"text-neutral-400 mb-4 group-hover:text-white transition-colors\">\n                  <path d=\"M3 14h3a2 2 0 0 1 2 2v3a2 2 0 0 1-2 2H5a2 2 0 0 1-2-2v-7a9 9 0 0 1 18 0v7a2 2 0 0 1-2 2h-1a2 2 0 0 1-2-2v-3a2 2 0 0 1 2-2h3\"><\/path>\n                <\/svg>\n                <h3 class=\"text-xl font-light text-white mb-3\">Mezcla 5.1<\/h3>\n                <p class=\"text-sm text-neutral-400 mb-6\">Manual completo de post-producci&oacute;n de audio, desde la organizaci&oacute;n hasta la mezcla final.<\/p>\n                <div class=\"inline-flex items-center text-white text-sm\">\n                  Descargar \n                  <svg xmlns=\"http:\/\/www.w3.org\/2000\/svg\" width=\"16\" height=\"16\" viewbox=\"0 0 24 24\" fill=\"none\" stroke=\"currentColor\" stroke-width=\"2\" stroke-linecap=\"round\" stroke-linejoin=\"round\" class=\"ml-2 group-hover:translate-x-1 transition-transform\">\n                    <path d=\"M5 12h14\"><\/path>\n                    <path d=\"m12 5 7 7-7 7\"><\/path>\n                  <\/svg>\n                <\/div>\n              <\/a>\n\n              <!-- Resource Card 4 -->\n              <a href=\"https:\/\/ziggifilms.com\/es\/workflow\/\" class=\"group block border border-neutral-800 rounded-lg p-8 hover:bg-neutral-900\/50 transition-all\">\n                <svg xmlns=\"http:\/\/www.w3.org\/2000\/svg\" width=\"32\" height=\"32\" viewbox=\"0 0 24 24\" fill=\"none\" stroke=\"currentColor\" stroke-width=\"2\" stroke-linecap=\"round\" stroke-linejoin=\"round\" class=\"text-neutral-400 mb-4 group-hover:text-white transition-colors\">\n                  <rect width=\"20\" height=\"20\" x=\"2\" y=\"2\" rx=\"2.18\" ry=\"2.18\"><\/rect>\n                  <path d=\"M7 2v20\"><\/path>\n                  <path d=\"M17 2v20\"><\/path>\n                  <path d=\"M2 12h20\"><\/path>\n                  <path d=\"M2 7h5\"><\/path>\n                  <path d=\"M2 17h5\"><\/path>\n                  <path d=\"M17 17h5\"><\/path>\n                  <path d=\"M17 7h5\"><\/path>\n                <\/svg>\n                <h3 class=\"text-xl font-light text-white mb-3\">Workflow Guide<\/h3>\n                <p class=\"text-sm text-neutral-400 mb-6\">Gu&iacute;a detallada del proceso de post-producci&oacute;n, desde el ingesta hasta la entrega final.<\/p>\n                <div class=\"inline-flex items-center text-white text-sm\">\n                   Accede a la guia \n                  <svg xmlns=\"http:\/\/www.w3.org\/2000\/svg\" width=\"16\" height=\"16\" viewbox=\"0 0 24 24\" fill=\"none\" stroke=\"currentColor\" stroke-width=\"2\" stroke-linecap=\"round\" stroke-linejoin=\"round\" class=\"ml-2 group-hover:translate-x-1 transition-transform\">\n                    <path d=\"M5 12h14\"><\/path>\n                    <path d=\"m12 5 7 7-7 7\"><\/path>\n                  <\/svg>\n                <\/div>\n              <\/a>\n            <\/div>\n          <\/div>\n        <\/div>\n      <\/section>\n\n      <!-- Contact Section -->\n      <section class=\"py-24 container mx-auto px-6\">\n        <div class=\"max-w-4xl mx-auto text-center\">\n          <h2 class=\"text-4xl font-light mb-6\">Empecemos<\/h2>\n          <p class=\"text-neutral-400 mb-12 text-lg max-w-2xl mx-auto\">\n            Cada proyecto es &uacute;nico. Cont&aacute;ctanos para discutir c&oacute;mo podemos ayudarte a alcanzar tu visi&oacute;n creativa.\n          <\/p>\n          <button class=\"border border-white px-8 py-4 text-lg hover:bg-white hover:text-black transition-colors\">\n            <a href=\"https:\/\/ziggifilms.com\/es\/contact\/\"> Contactar <\/a>\n          <\/button>\n        <\/div>\n      <\/section>\n    <\/div>\n  <\/body>\n\n<\/div>","protected":false},"excerpt":{"rendered":"<p>Post Production Services and Resources Post-Producci\u00f3n Elevamos la narrativa visual a trav\u00e9s de la excelencia t\u00e9cnica y la creatividad Servicios Edici\u00f3n &#038; Montaje Transformamos el material bruto en narrativas cautivadoras, prestando atenci\u00f3n meticulosa al ritmo, la continuidad y el impacto emocional de cada corte. Correcci\u00f3n de Color Desarrollamos looks \u00fanicos y atmosf\u00e9ricos que refuerzan la &hellip;<\/p>","protected":false},"author":1,"featured_media":0,"parent":0,"menu_order":0,"comment_status":"closed","ping_status":"closed","template":"","meta":{"footnotes":""},"_links":{"self":[{"href":"https:\/\/ziggifilms.com\/es\/wp-json\/wp\/v2\/pages\/675"}],"collection":[{"href":"https:\/\/ziggifilms.com\/es\/wp-json\/wp\/v2\/pages"}],"about":[{"href":"https:\/\/ziggifilms.com\/es\/wp-json\/wp\/v2\/types\/page"}],"author":[{"embeddable":true,"href":"https:\/\/ziggifilms.com\/es\/wp-json\/wp\/v2\/users\/1"}],"replies":[{"embeddable":true,"href":"https:\/\/ziggifilms.com\/es\/wp-json\/wp\/v2\/comments?post=675"}],"version-history":[{"count":14,"href":"https:\/\/ziggifilms.com\/es\/wp-json\/wp\/v2\/pages\/675\/revisions"}],"predecessor-version":[{"id":701,"href":"https:\/\/ziggifilms.com\/es\/wp-json\/wp\/v2\/pages\/675\/revisions\/701"}],"wp:attachment":[{"href":"https:\/\/ziggifilms.com\/es\/wp-json\/wp\/v2\/media?parent=675"}],"curies":[{"name":"wp","href":"https:\/\/api.w.org\/{rel}","templated":true}]}}